{"id":33,"date":"2020-07-05T13:04:42","date_gmt":"2020-07-05T13:04:42","guid":{"rendered":"http:\/\/www.hase-henri.at\/?page_id=33"},"modified":"2023-05-28T08:42:17","modified_gmt":"2023-05-28T08:42:17","slug":"kontakt","status":"publish","type":"page","link":"https:\/\/www.hase-henri.at\/?page_id=33","title":{"rendered":"Text und Illustration"},"content":{"rendered":"\n<p>Text und Idee von <a rel=\"noreferrer noopener\" href=\"https:\/\/www.villach.at\/stadt-service\/abteilungen-und-kontaktpersonen\/magistratsdirektor\" target=\"_blank\"><strong>Christoph Herzeg:<\/strong><\/a> Geboren 1981 in Villach. Studium der Rechtswissenschaften in Graz, MBA an der CLU. Nach diversen Managementfunktionen in der Privatwirtschaft, Magistratsdirektor der Stadt Villach. Autor von Fachpublikationen im Bereich des Arbeits-, Sozial- und Zivilrechts.<\/p>\n\n\n\n<p>Illustrationen von <strong><a href=\"http:\/\/www.very.co.at\/\" target=\"_blank\" rel=\"noreferrer noopener\">Verena Schellander<\/a>:<\/strong>&nbsp;Geboren 1986 in Villach. Ausbildung an der H\u00f6heren Lehranstalt f\u00fcr Kunst und Gestaltung am CHS Villach. Studium der Germanistik in Klagenfurt. T\u00e4tigkeit im Marketing. Grafikerin und Illustratorin f\u00fcr Werbung und Magazine. <\/p>\n","protected":false},"excerpt":{"rendered":"<div class=\"entry-summary\">\nText und Idee von Christoph Herzeg: Geboren 1981 in Villach. Studium der Rechtswissenschaften in Graz, MBA an der CLU. Nach diversen Managementfunktionen in der Privatwirtschaft, Magistratsdirektor der Stadt Villach. Autor von Fachpublikationen im Bereich des Arbeits-, Sozial- und Zivilrechts. Illustrationen&hellip;\n<\/div>\n<div class=\"link-more\"><a href=\"https:\/\/www.hase-henri.at\/?page_id=33\" class=\"more-link\">Continue reading<span class=\"screen-reader-text\"> &ldquo;Text und Illustration&rdquo;<\/span>&hellip;<\/a><\/div>\n","protected":false},"author":1,"featured_media":0,"parent":0,"menu_order":0,"comment_status":"closed","ping_status":"open","template":"","meta":[],"_links":{"self":[{"href":"https:\/\/www.hase-henri.at\/index.php?rest_route=\/wp\/v2\/pages\/33"}],"collection":[{"href":"https:\/\/www.hase-henri.at\/index.php?rest_route=\/wp\/v2\/pages"}],"about":[{"href":"https:\/\/www.hase-henri.at\/index.php?rest_route=\/wp\/v2\/types\/page"}],"author":[{"embeddable":true,"href":"https:\/\/www.hase-henri.at\/index.php?rest_route=\/wp\/v2\/users\/1"}],"replies":[{"embeddable":true,"href":"https:\/\/www.hase-henri.at\/index.php?rest_route=%2Fwp%2Fv2%2Fcomments&post=33"}],"version-history":[{"count":16,"href":"https:\/\/www.hase-henri.at\/index.php?rest_route=\/wp\/v2\/pages\/33\/revisions"}],"predecessor-version":[{"id":320,"href":"https:\/\/www.hase-henri.at\/index.php?rest_route=\/wp\/v2\/pages\/33\/revisions\/320"}],"wp:attachment":[{"href":"https:\/\/www.hase-henri.at\/index.php?rest_route=%2Fwp%2Fv2%2Fmedia&parent=33"}],"curies":[{"name":"wp","href":"https:\/\/api.w.org\/{rel}","templated":true}]}}