{"id":31,"date":"2020-07-05T13:04:42","date_gmt":"2020-07-05T13:04:42","guid":{"rendered":"http:\/\/www.hase-henri.at\/?page_id=31"},"modified":"2023-05-01T09:13:16","modified_gmt":"2023-05-01T09:13:16","slug":"startseite","status":"publish","type":"page","link":"https:\/\/www.hase-henri.at\/","title":{"rendered":"Startseite"},"content":{"rendered":"\n<p>Willkommen bei der gro\u00dfen Suche des kleinen Hasen Henri &amp; <\/p>\n\n\n\n<p>dem gro\u00dfen Tag des kleinen H\u00fcndchens Vali Wau!<\/p>\n\n\n\n<p><\/p>\n\n\n\n<figure class=\"wp-block-gallery columns-1 is-cropped\"><ul class=\"blocks-gallery-grid\"><li class=\"blocks-gallery-item\"><figure><img loading=\"lazy\" width=\"487\" height=\"469\" src=\"https:\/\/www.hase-henri.at\/wp-content\/uploads\/2023\/05\/ValiHenri.jpg\" alt=\"\" data-id=\"298\" data-full-url=\"https:\/\/www.hase-henri.at\/wp-content\/uploads\/2023\/05\/ValiHenri.jpg\" data-link=\"https:\/\/www.hase-henri.at\/?attachment_id=298\" class=\"wp-image-298\" srcset=\"https:\/\/www.hase-henri.at\/wp-content\/uploads\/2023\/05\/ValiHenri.jpg 487w, https:\/\/www.hase-henri.at\/wp-content\/uploads\/2023\/05\/ValiHenri-300x289.jpg 300w\" sizes=\"(max-width: 487px) 100vw, 487px\" \/><\/figure><\/li><\/ul><\/figure>\n\n\n\n<p><\/p>\n","protected":false},"excerpt":{"rendered":"<div class=\"entry-summary\">\nWillkommen bei der gro\u00dfen Suche des kleinen Hasen Henri &amp; dem gro\u00dfen Tag des kleinen H\u00fcndchens Vali Wau!\n<\/div>\n<div class=\"link-more\"><a href=\"https:\/\/www.hase-henri.at\/\" class=\"more-link\">Continue reading<span class=\"screen-reader-text\"> &ldquo;Startseite&rdquo;<\/span>&hellip;<\/a><\/div>\n","protected":false},"author":1,"featured_media":96,"parent":0,"menu_order":0,"comment_status":"closed","ping_status":"open","template":"","meta":[],"_links":{"self":[{"href":"https:\/\/www.hase-henri.at\/index.php?rest_route=\/wp\/v2\/pages\/31"}],"collection":[{"href":"https:\/\/www.hase-henri.at\/index.php?rest_route=\/wp\/v2\/pages"}],"about":[{"href":"https:\/\/www.hase-henri.at\/index.php?rest_route=\/wp\/v2\/types\/page"}],"author":[{"embeddable":true,"href":"https:\/\/www.hase-henri.at\/index.php?rest_route=\/wp\/v2\/users\/1"}],"replies":[{"embeddable":true,"href":"https:\/\/www.hase-henri.at\/index.php?rest_route=%2Fwp%2Fv2%2Fcomments&post=31"}],"version-history":[{"count":7,"href":"https:\/\/www.hase-henri.at\/index.php?rest_route=\/wp\/v2\/pages\/31\/revisions"}],"predecessor-version":[{"id":304,"href":"https:\/\/www.hase-henri.at\/index.php?rest_route=\/wp\/v2\/pages\/31\/revisions\/304"}],"wp:featuredmedia":[{"embeddable":true,"href":"https:\/\/www.hase-henri.at\/index.php?rest_route=\/wp\/v2\/media\/96"}],"wp:attachment":[{"href":"https:\/\/www.hase-henri.at\/index.php?rest_route=%2Fwp%2Fv2%2Fmedia&parent=31"}],"curies":[{"name":"wp","href":"https:\/\/api.w.org\/{rel}","templated":true}]}}