{"id":3,"date":"2020-07-05T12:56:58","date_gmt":"2020-07-05T12:56:58","guid":{"rendered":"http:\/\/www.hase-henri.at\/?page_id=3"},"modified":"2020-07-10T20:58:15","modified_gmt":"2020-07-10T20:58:15","slug":"privacy-policy","status":"publish","type":"page","link":"https:\/\/www.hase-henri.at\/?page_id=3","title":{"rendered":"Impressum und Datenschutz"},"content":{"rendered":"\n<h3>Informationspflicht laut \u00a7 5 E-Commerce Gesetz, \u00a714 Unternehmensgesetzbuch, \u00a7 63 Gewerbeordnung und Offenlegungspflicht laut \u00a7 25 Mediengesetz.<\/h3>\n\n\n\n<p>Christoph Herzeg<\/p>\n\n\n\n<p>Gailweg 36a, 9500 Villach, \u00d6sterreich<\/p>\n\n\n\n<h2>Haftung f\u00fcr Inhalte dieser Webseite<\/h2>\n\n\n\n<p>Wir entwickeln die Inhalte dieser Webseite st\u00e4ndig weiter und bem\u00fchen uns korrekte und aktuelle Informationen bereitzustellen. Leider k\u00f6nnen wir keine Haftung f\u00fcr die Korrektheit aller Inhalte auf dieser Webseite \u00fcbernehmen, speziell f\u00fcr jene die seitens Dritter bereitgestellt wurden.<\/p>\n\n\n\n<p>Sollten Ihnen problematische oder rechtswidrige Inhalte auffallen, bitten wir Sie uns umgehend zu kontaktieren, Sie finden die Kontaktdaten im Impressum.<\/p>\n\n\n\n<h2 id=\"haftung-links-webseite\">Haftung f\u00fcr Links auf dieser Webseite<\/h2>\n\n\n\n<p>Unsere Webseite enth\u00e4lt Links zu anderen Webseiten f\u00fcr deren Inhalt wir nicht verantwortlich sind. Haftung f\u00fcr verlinkte Websites besteht laut <a href=\"https:\/\/www.ris.bka.gv.at\/Dokument.wxe?Abfrage=Bundesnormen&amp;Dokumentnummer=NOR40025813&amp;tid=121371782\" target=\"_blank\" rel=\"noreferrer noopener\">\u00a7 17 ECG<\/a> f\u00fcr uns nicht, da wir keine Kenntnis rechtswidriger T\u00e4tigkeiten hatten und haben, uns solche Rechtswidrigkeiten auch bisher nicht aufgefallen sind und wir Links sofort entfernen w\u00fcrden, wenn uns Rechtswidrigkeiten bekannt werden.<\/p>\n\n\n\n<p>Wenn Ihnen rechtswidrige Links auf unserer Website auffallen, bitten wir Sie uns zu kontaktieren, Sie finden die Kontaktdaten im Impressum.<\/p>\n\n\n\n<h2 id=\"urheberrechtshinweis\">Urheberrechtshinweis<\/h2>\n\n\n\n<p>Alle Inhalte dieser Webseite (Bilder, Fotos, Texte, Videos) unterliegen dem Urheberrecht. Falls notwendig, werden wir die unerlaubte Nutzung von Teilen der Inhalte unserer Seite rechtlich verfolgen.<\/p>\n\n\n\n<p>Sollten Sie auf dieser Webseite Inhalte finden, die das Urheberrecht verletzen, bitten wir Sie uns zu kontaktieren.<\/p>\n\n\n\n<h2 id=\"bildernachweis\">Bildernachweis<\/h2>\n\n\n\n<p>Die Bilder, Fotos und Grafiken auf dieser Webseite sind urheberrechtlich gesch\u00fctzt.<\/p>\n\n\n\n<h3>Datenschutzerkl\u00e4rung<\/h3>\n\n\n\n<p>Der Schutz Ihrer pers\u00f6nlichen Daten ist uns ein besonderes Anliegen. Wir verarbeiten Ihre Daten daher ausschlie\u00dflich auf Grundlage der gesetzlichen Bestimmungen (DSGVO, TKG 2003). In diesen Datenschutzinformationen informieren wir Sie \u00fcber die wichtigsten Aspekte der Datenverarbeitung im Rahmen unserer Website.&nbsp;<\/p>\n\n\n\n<p>Beim Besuch unserer Webseite wird Ihre IP-Adresse, Beginn und Ende der Sitzung f\u00fcr die Dauer dieser Sitzung erfasst. Dies ist technisch bedingt und stellt damit ein berechtigtes Interesse iSv Art 6 Abs 1 lit f DSGVO dar. Soweit im Folgenden nichts anderes geregelt wird, werden diese Daten von uns nicht weiterverarbeitet.<\/p>\n\n\n\n<h2 id=\"heading_Kontakt_mit_uns\">Kontakt mit uns<\/h2>\n\n\n\n<p>Wenn Sie per Formular auf der Website oder per E-Mail Kontakt mit uns aufnehmen, werden Ihre angegebenen Daten zwecks Bearbeitung der Anfrage und f\u00fcr den Fall von Anschlussfragen sechs Monate bei uns gespeichert. Diese Daten geben wir nicht ohne Ihre Einwilligung weiter.&nbsp;<\/p>\n\n\n\n<h2>Datenspeicherung<\/h2>\n\n\n\n<h2>Cookies<\/h2>\n\n\n\n<p>Unsere Website verwendet so genannte Cookies. Dabei handelt es sich um kleine Textdateien, die mit Hilfe des Browsers auf Ihrem Endger\u00e4t abgelegt werden. Sie richten keinen Schaden an.<\/p>\n\n\n\n<p>Wir nutzen Cookies dazu, unser Angebot nutzerfreundlich zu gestalten. Einige Cookies bleiben auf Ihrem Endger\u00e4t gespeichert, bis Sie diese l\u00f6schen. Sie erm\u00f6glichen es uns, Ihren Browser beim n\u00e4chsten Besuch wiederzuerkennen.<\/p>\n\n\n\n<p>Wenn Sie dies nicht w\u00fcnschen, so k\u00f6nnen Sie Ihren Browser so einrichten, dass er Sie \u00fcber das Setzen von Cookies informiert und Sie dies nur im Einzelfall erlauben.<\/p>\n\n\n\n<p>Bei der Deaktivierung von Cookies kann die Funktionalit\u00e4t unserer Website eingeschr\u00e4nkt sein.<\/p>\n\n\n\n<h2 id=\"heading_Ihre_Rechte\">Ihre Rechte<\/h2>\n\n\n\n<p>Ihnen stehen bez\u00fcglich Ihrer bei uns gespeicherten Daten\u00a0grunds\u00e4tzlich die Rechte auf Auskunft, Berichtigung, L\u00f6schung, Einschr\u00e4nkung, Daten\u00fcbertragbarkeit, Widerruf und Widerspruch zu. Wenn Sie glauben, dass die Verarbeitung Ihrer Daten gegen das Datenschutzrecht verst\u00f6\u00dft oder Ihre datenschutzrechtlichen Anspr\u00fcche sonst in einer Weise verletzt worden sind, k\u00f6nnen Sie sich bei der\u00a0uns\u00a0oder der Datenschutzbeh\u00f6rde beschweren.<\/p>\n","protected":false},"excerpt":{"rendered":"<div class=\"entry-summary\">\nInformationspflicht laut \u00a7 5 E-Commerce Gesetz, \u00a714 Unternehmensgesetzbuch, \u00a7 63 Gewerbeordnung und Offenlegungspflicht laut \u00a7 25 Mediengesetz. Christoph Herzeg Gailweg 36a, 9500 Villach, \u00d6sterreich Haftung f\u00fcr Inhalte dieser Webseite Wir entwickeln die Inhalte dieser Webseite st\u00e4ndig weiter und bem\u00fchen uns&hellip;\n<\/div>\n<div class=\"link-more\"><a href=\"https:\/\/www.hase-henri.at\/?page_id=3\" class=\"more-link\">Continue reading<span class=\"screen-reader-text\"> &ldquo;Impressum und Datenschutz&rdquo;<\/span>&hellip;<\/a><\/div>\n","protected":false},"author":1,"featured_media":0,"parent":0,"menu_order":0,"comment_status":"closed","ping_status":"open","template":"","meta":[],"_links":{"self":[{"href":"https:\/\/www.hase-henri.at\/index.php?rest_route=\/wp\/v2\/pages\/3"}],"collection":[{"href":"https:\/\/www.hase-henri.at\/index.php?rest_route=\/wp\/v2\/pages"}],"about":[{"href":"https:\/\/www.hase-henri.at\/index.php?rest_route=\/wp\/v2\/types\/page"}],"author":[{"embeddable":true,"href":"https:\/\/www.hase-henri.at\/index.php?rest_route=\/wp\/v2\/users\/1"}],"replies":[{"embeddable":true,"href":"https:\/\/www.hase-henri.at\/index.php?rest_route=%2Fwp%2Fv2%2Fcomments&post=3"}],"version-history":[{"count":2,"href":"https:\/\/www.hase-henri.at\/index.php?rest_route=\/wp\/v2\/pages\/3\/revisions"}],"predecessor-version":[{"id":233,"href":"https:\/\/www.hase-henri.at\/index.php?rest_route=\/wp\/v2\/pages\/3\/revisions\/233"}],"wp:attachment":[{"href":"https:\/\/www.hase-henri.at\/index.php?rest_route=%2Fwp%2Fv2%2Fmedia&parent=3"}],"curies":[{"name":"wp","href":"https:\/\/api.w.org\/{rel}","templated":true}]}}